{"id":92,"date":"2018-06-07T15:19:55","date_gmt":"2018-06-07T13:19:55","guid":{"rendered":"https:\/\/neueseite.kglaenzer.de\/?page_id=92"},"modified":"2018-07-08T23:15:15","modified_gmt":"2018-07-08T21:15:15","slug":"impressum","status":"publish","type":"page","link":"https:\/\/kglaenzer.de\/?page_id=92","title":{"rendered":"Impressum"},"content":{"rendered":"<p><b>Kardiologische-Internistische<br \/>\nGemeinschaftspraxis<br \/>\n<\/b>PD Dr. med. Kilian Gl\u00e4nzer<br \/>\nDr. med. Trude Krings-Gl\u00e4nzer<br \/>\nHerseler Weg 7<br \/>\n53347 Alfter<br \/>\nTel: 0 22 22 \/ 649 94 47<br \/>\nFax: 0 22 22 \/ 649 94 48<b><br \/>\n<\/b><a title=\"\" href=\"mailto:info@kglaenzer.de\" target=\"_blank\" rel=\"noopener\">E-Mail: kilian@kglaenzer.de<\/a><\/p>\n<p>Die folgenden Angaben sind Pflichtangaben nach dem Teledienstegesetz (TDG) und dem Gesetz \u00fcber rechtliche Rahmenbedingungen f\u00fcr den elektronischen Gesch\u00e4ftsverkehr (EEG):<\/p>\n<table border=\"0\" width=\"570\" cellspacing=\"0\" cellpadding=\"0\">\n<tbody>\n<tr bgcolor=\"\">\n<td class=\"cell\" align=\"left\" valign=\"top\" width=\"50%\">Gesetzliche Berufsbezeichnung<\/td>\n<td class=\"cell\" align=\"left\" valign=\"top\" width=\"50%\">Arzt\/\u00c4rztin<\/td>\n<\/tr>\n<tr bgcolor=\"#ffffff\">\n<td class=\"cell\" align=\"left\" valign=\"top\" width=\"50%\">Zusatzbezeichnungen Dr. Gl\u00e4nzer<\/td>\n<td class=\"cell\" align=\"left\" valign=\"top\" width=\"50%\">Internist &#8211; Zusatzbezeichnung Kardiologie<\/td>\n<\/tr>\n<tr bgcolor=\"\">\n<td class=\"cell\" align=\"left\" valign=\"top\" width=\"50%\">Zusatzbezeichnung Dr. Krings-Gl\u00e4nzer<\/td>\n<td class=\"cell\" align=\"left\" valign=\"top\" width=\"50%\">Internistin\/\u00c4rztin f\u00fcr Allgemeinmedizin<\/td>\n<\/tr>\n<tr bgcolor=\"#ffffff\">\n<td class=\"cell\" align=\"left\" valign=\"top\" width=\"50%\">Staat, der die Berufsbezeichnung<br \/>\nverliehen hat<\/td>\n<td class=\"cell\" align=\"left\" valign=\"top\" width=\"50%\">Bundesrepublik Deutschland<\/td>\n<\/tr>\n<tr bgcolor=\"\">\n<td class=\"cell\" align=\"left\" valign=\"top\" width=\"50%\">\u00c4rztekammer<\/td>\n<td class=\"cell\" align=\"left\" valign=\"top\" width=\"50%\">Landes\u00e4rztekammer Nordrhein<br \/>\nTersteegenstr. 9<br \/>\n40474 D\u00fcsseldorf<\/td>\n<\/tr>\n<tr bgcolor=\"#ffffff\">\n<td class=\"cell\" align=\"left\" valign=\"top\" width=\"50%\">Berufsrechtliche Regelungen<\/td>\n<td class=\"cell\" align=\"left\" valign=\"top\" width=\"50%\">Berufsordnung f\u00fcr die nordrheinischen \u00c4rztinnen und \u00c4rzte<\/td>\n<\/tr>\n<tr bgcolor=\"\">\n<td class=\"cell\" align=\"left\" valign=\"top\" width=\"50%\">Zust\u00e4ndige Aufsichtbeh\u00f6rde<\/td>\n<td class=\"cell\" align=\"left\" valign=\"top\" width=\"50%\">Kassen\u00e4rztliche Vereinigung Nordrhein<br \/>\nTersteegenstr. 9<br \/>\n40474 D\u00fcsseldorf<\/td>\n<\/tr>\n<tr class=\"w2dtr\">\n<td colspan=\"3\"><b>Haftungsausschluss:<br \/>\n<\/b>Die Inhalte dieser Website wurden mit gro\u00dfer Sorgfalt und nach bestem Wissen und Gewissen erstellt. Dennoch kann keine Gew\u00e4hr f\u00fcr die Richtigkeit der gemachten Angaben gemacht werden.<br \/>\nDa wir keinerlei Einfluss auf die Gestaltung und die Inhalte der verlinkten Seiten habe, diese sich aber st\u00e4ndig und von uns unbemerkt ver\u00e4ndern k\u00f6nnen, distanzieren wir und hiermit ausdr\u00fccklich von allen Inhalten der von unserer Website aus verlinkten externen Seiten. Dieser Haftungsausschluss gilt f\u00fcr alle Links auf unserer gesamten Website inklusive der Unterseiten.<\/td>\n<\/tr>\n<\/tbody>\n<\/table>\n","protected":false},"excerpt":{"rendered":"<p>Kardiologische-Internistische Gemeinschaftspraxis PD Dr. med. Kilian Gl\u00e4nzer Dr. med. Trude Krings-Gl\u00e4nzer Herseler Weg 7 53347 Alfter Tel: 0 22 22 \/ 649 94 47 Fax: 0 22 22 \/ 649 94 48 E-Mail: kilian@kglaenzer.de Die folgenden Angaben sind Pflichtangaben nach dem Teledienstegesetz (TDG) und dem Gesetz \u00fcber rechtliche Rahmenbedingungen f\u00fcr den elektronischen Gesch\u00e4ftsverkehr (EEG): Gesetzliche &hellip; <\/p>\n<p class=\"link-more\"><a href=\"https:\/\/kglaenzer.de\/?page_id=92\" class=\"more-link\"><span class=\"screen-reader-text\">\u201eImpressum\u201c<\/span> weiterlesen<\/a><\/p>\n","protected":false},"author":1,"featured_media":0,"parent":0,"menu_order":0,"comment_status":"closed","ping_status":"closed","template":"","meta":[],"_links":{"self":[{"href":"https:\/\/kglaenzer.de\/index.php?rest_route=\/wp\/v2\/pages\/92"}],"collection":[{"href":"https:\/\/kglaenzer.de\/index.php?rest_route=\/wp\/v2\/pages"}],"about":[{"href":"https:\/\/kglaenzer.de\/index.php?rest_route=\/wp\/v2\/types\/page"}],"author":[{"embeddable":true,"href":"https:\/\/kglaenzer.de\/index.php?rest_route=\/wp\/v2\/users\/1"}],"replies":[{"embeddable":true,"href":"https:\/\/kglaenzer.de\/index.php?rest_route=%2Fwp%2Fv2%2Fcomments&post=92"}],"version-history":[{"count":6,"href":"https:\/\/kglaenzer.de\/index.php?rest_route=\/wp\/v2\/pages\/92\/revisions"}],"predecessor-version":[{"id":262,"href":"https:\/\/kglaenzer.de\/index.php?rest_route=\/wp\/v2\/pages\/92\/revisions\/262"}],"wp:attachment":[{"href":"https:\/\/kglaenzer.de\/index.php?rest_route=%2Fwp%2Fv2%2Fmedia&parent=92"}],"curies":[{"name":"wp","href":"https:\/\/api.w.org\/{rel}","templated":true}]}}