{"id":39,"date":"2018-04-11T16:59:31","date_gmt":"2018-04-11T14:59:31","guid":{"rendered":"https:\/\/neueseite.kglaenzer.de\/?page_id=39"},"modified":"2018-06-25T00:03:48","modified_gmt":"2018-06-24T22:03:48","slug":"startseite","status":"publish","type":"page","link":"https:\/\/kglaenzer.de\/","title":{"rendered":"Startseite"},"content":{"rendered":"<table style=\"width: 100%; border-collapse: collapse;\" border=\"0\">\n<tbody>\n<tr>\n<td style=\"width: 50%;\">Herzlich willkommen auf unserer Webseite!<\/p>\n<p>Unsere kardiologische-internistische Privatpraxis ist f\u00fcnf Tage in der Woche mit moderner Technik und medizinischer Fachkompetenz f\u00fcr Sie da.<br \/>\nIn besonderen F\u00e4llen sind wir auch am Wochenende f\u00fcr Sie zu sprechen<\/p>\n<p><strong>Gemeinschaftspraxis<\/strong><br \/>\n<strong>Privatdozent Dr. med. Kilian Gl\u00e4nzer<\/strong><br \/>\nInternist und Kardiologe und<br \/>\n<strong>Dr. med. Trude Krings-Gl\u00e4nzer<\/strong><br \/>\n\u00c4rztin f\u00fcr Innere Medizin und Naturheilverfahren<br \/>\nHerseler Weg 7<br \/>\n<strong>53347 Alfter<\/strong><\/p>\n<p><strong>Die Entfernung von und nach Bonn-Innenstadt betr\u00e4gt 4-5 km. Bornheim Zentrum ist 2 km entfernt.<\/strong><\/p>\n<p>Telefonisch erreichen Sie uns unter:<br \/>\n<a href=\"tel:+4922226499447\"><strong>02222 6499447<\/strong><\/a><br \/>\nper Fax unter:<br \/>\n<strong>02222 6499448<\/strong><\/p>\n<p>Per eMail erreichen Sie uns folgenderma\u00dfen:<br \/>\n(Bitte hier klicken !)<\/p>\n<p><a href=\"mailto:kilian@kglaenzer.de\">Privatdozent Dr. med. Kilian Gl\u00e4nzer<\/a><\/p>\n<p><a href=\"mailto:trudi@kglaenzer.de\">Dr. med. Trude Krings-Gl\u00e4nzer<\/a><\/td>\n<td style=\"width: 50%; vertical-align: top;\">\n<p><figure id=\"attachment_154\" aria-describedby=\"caption-attachment-154\" style=\"width: 251px\" class=\"wp-caption alignnone\"><img loading=\"lazy\" class=\"wp-image-154\" src=\"https:\/\/neueseite.kglaenzer.de\/wp-content\/uploads\/2018\/06\/DSC_0016.jpg\" alt=\"\" width=\"251\" height=\"376\" srcset=\"https:\/\/kglaenzer.de\/wp-content\/uploads\/2018\/06\/DSC_0016.jpg 513w, https:\/\/kglaenzer.de\/wp-content\/uploads\/2018\/06\/DSC_0016-200x300.jpg 200w\" sizes=\"(max-width: 251px) 100vw, 251px\" \/><figcaption id=\"caption-attachment-154\" class=\"wp-caption-text\">Rezeption<\/figcaption><\/figure><\/td>\n<\/tr>\n<\/tbody>\n<\/table>\n","protected":false},"excerpt":{"rendered":"<p>Herzlich willkommen auf unserer Webseite! Unsere kardiologische-internistische Privatpraxis ist f\u00fcnf Tage in der Woche mit moderner Technik und medizinischer Fachkompetenz f\u00fcr Sie da. In besonderen F\u00e4llen sind wir auch am Wochenende f\u00fcr Sie zu sprechen Gemeinschaftspraxis Privatdozent Dr. med. Kilian Gl\u00e4nzer Internist und Kardiologe und Dr. med. Trude Krings-Gl\u00e4nzer \u00c4rztin f\u00fcr Innere Medizin und Naturheilverfahren &hellip; <\/p>\n<p class=\"link-more\"><a href=\"https:\/\/kglaenzer.de\/\" class=\"more-link\"><span class=\"screen-reader-text\">\u201eStartseite\u201c<\/span> weiterlesen<\/a><\/p>\n","protected":false},"author":1,"featured_media":0,"parent":0,"menu_order":0,"comment_status":"closed","ping_status":"closed","template":"","meta":[],"_links":{"self":[{"href":"https:\/\/kglaenzer.de\/index.php?rest_route=\/wp\/v2\/pages\/39"}],"collection":[{"href":"https:\/\/kglaenzer.de\/index.php?rest_route=\/wp\/v2\/pages"}],"about":[{"href":"https:\/\/kglaenzer.de\/index.php?rest_route=\/wp\/v2\/types\/page"}],"author":[{"embeddable":true,"href":"https:\/\/kglaenzer.de\/index.php?rest_route=\/wp\/v2\/users\/1"}],"replies":[{"embeddable":true,"href":"https:\/\/kglaenzer.de\/index.php?rest_route=%2Fwp%2Fv2%2Fcomments&post=39"}],"version-history":[{"count":12,"href":"https:\/\/kglaenzer.de\/index.php?rest_route=\/wp\/v2\/pages\/39\/revisions"}],"predecessor-version":[{"id":232,"href":"https:\/\/kglaenzer.de\/index.php?rest_route=\/wp\/v2\/pages\/39\/revisions\/232"}],"wp:attachment":[{"href":"https:\/\/kglaenzer.de\/index.php?rest_route=%2Fwp%2Fv2%2Fmedia&parent=39"}],"curies":[{"name":"wp","href":"https:\/\/api.w.org\/{rel}","templated":true}]}}