{"id":23,"date":"2018-04-11T16:48:12","date_gmt":"2018-04-11T14:48:12","guid":{"rendered":"https:\/\/neueseite.kglaenzer.de\/?page_id=23"},"modified":"2018-07-08T23:12:53","modified_gmt":"2018-07-08T21:12:53","slug":"im-notfall","status":"publish","type":"page","link":"https:\/\/kglaenzer.de\/?page_id=23","title":{"rendered":"Im Notfall&#8230;"},"content":{"rendered":"<h2><span style=\"font-size: 18pt;\"><strong>Notf\u00e4lle<\/strong><\/span><\/h2>\n<table style=\"width: 100%; border-collapse: collapse;\" border=\"0\">\n<tbody>\n<tr style=\"height: 323px;\">\n<td style=\"width: 74.8276%; height: 298px;\">\n<h3>Akute Beschwerden<\/h3>\n<p><em><strong>Bei pl\u00f6tzliches Auftreten von Luftnot, Brustschmerzen, Schweissausbruch oder \u00e4hnlichem liegt m\u00f6glicherweise eine akute Gefahr vor.<\/strong><\/em><\/p>\n<p>Ebenso sind Taubheit im Gesicht,\u00a0 und L\u00e4hmungen auch ohne Schmerzen Hinweise f\u00fcr einen (drohenden) Schlaganfall.<\/p>\n<p>Sie haben nur maximal 3 Stunden Zeit ohne bleibende Sch\u00e4den wieder zu genesen!<\/p>\n<p>Verlieren Sie deswegen keine Zeit um uns au\u00dferhalb der Praxiszeiten zu erreichen, sondern wenden sich im direkt an den Rettungsdienst unter der Zentralen Rufnummer<\/p>\n<p style=\"text-align: center;\"><span style=\"font-size: 24pt; color: #ff0000;\">112 !<\/span><\/p>\n<p style=\"text-align: center;\"><b>Weitere NOTRUFNUMMERN (ohne Gew\u00e4hr !)<br \/>\n<\/b><b>Neue Zentralnummer f\u00fcr den \u00e4rztlichen Bereitschaftsdienst:<\/b><\/p>\n<p style=\"text-align: center;\"><span style=\"color: #ff0000; font-size: 18pt;\">116 117<\/span><\/p>\n<p>hier wird Kontakt mit dem \u00e4rztlichen Bereitschaftsdienst hergestellt und ei Arzt vermittelt, der ggf. ins Haus kommt oder eine Krankentransport veranlasst<\/td>\n<td style=\"width: 25.1724%; height: 298px;\">\n<h3><\/h3>\n<\/td>\n<\/tr>\n<tr style=\"height: 470px;\">\n<td style=\"width: 74.8276%; height: 470px;\"><a title=\"\" href=\"http:\/\/www.116117info.de\/html\/\" target=\"_blank\" rel=\"noopener\">Information zur neuen Notfallnummer<\/a><\/p>\n<p>Zahn\u00e4rztlicher Notdienst Bonn:<br \/>\n01805\/986701<br \/>\nAugen\u00e4rztlicher Notdienst:<br \/>\n02241\/171024<br \/>\nUnikliniken Bonn:<br \/>\n0228\/287-0<\/p>\n<p>Giftinformationszentrale Bonn:<br \/>\n0228\/19240<br \/>\nKrankentransporte f\u00fcr den Rhein-Sieg-Kreis:<br \/>\n02241\/19222<\/p>\n<p>Die diensthabende <a title=\"\" href=\"http:\/\/www.aponet.de\/notdienst\/index.php\" target=\"_blank\" rel=\"noopener\">Apotheke<\/a> finden Sie <a href=\"http:\/\/www.aponet.de\/notdienst\/index.php\">hier<\/a> !<\/td>\n<td style=\"width: 25.1724%; height: 470px;\"><\/td>\n<\/tr>\n<\/tbody>\n<\/table>\n<p>&nbsp;<\/p>\n","protected":false},"excerpt":{"rendered":"<p>Notf\u00e4lle Akute Beschwerden Bei pl\u00f6tzliches Auftreten von Luftnot, Brustschmerzen, Schweissausbruch oder \u00e4hnlichem liegt m\u00f6glicherweise eine akute Gefahr vor. Ebenso sind Taubheit im Gesicht,\u00a0 und L\u00e4hmungen auch ohne Schmerzen Hinweise f\u00fcr einen (drohenden) Schlaganfall. Sie haben nur maximal 3 Stunden Zeit ohne bleibende Sch\u00e4den wieder zu genesen! Verlieren Sie deswegen keine Zeit um uns au\u00dferhalb der &hellip; <\/p>\n<p class=\"link-more\"><a href=\"https:\/\/kglaenzer.de\/?page_id=23\" class=\"more-link\"><span class=\"screen-reader-text\">\u201eIm Notfall&#8230;\u201c<\/span> weiterlesen<\/a><\/p>\n","protected":false},"author":1,"featured_media":0,"parent":0,"menu_order":0,"comment_status":"closed","ping_status":"closed","template":"","meta":[],"_links":{"self":[{"href":"https:\/\/kglaenzer.de\/index.php?rest_route=\/wp\/v2\/pages\/23"}],"collection":[{"href":"https:\/\/kglaenzer.de\/index.php?rest_route=\/wp\/v2\/pages"}],"about":[{"href":"https:\/\/kglaenzer.de\/index.php?rest_route=\/wp\/v2\/types\/page"}],"author":[{"embeddable":true,"href":"https:\/\/kglaenzer.de\/index.php?rest_route=\/wp\/v2\/users\/1"}],"replies":[{"embeddable":true,"href":"https:\/\/kglaenzer.de\/index.php?rest_route=%2Fwp%2Fv2%2Fcomments&post=23"}],"version-history":[{"count":14,"href":"https:\/\/kglaenzer.de\/index.php?rest_route=\/wp\/v2\/pages\/23\/revisions"}],"predecessor-version":[{"id":261,"href":"https:\/\/kglaenzer.de\/index.php?rest_route=\/wp\/v2\/pages\/23\/revisions\/261"}],"wp:attachment":[{"href":"https:\/\/kglaenzer.de\/index.php?rest_route=%2Fwp%2Fv2%2Fmedia&parent=23"}],"curies":[{"name":"wp","href":"https:\/\/api.w.org\/{rel}","templated":true}]}}