{"id":21,"date":"2018-04-11T16:47:56","date_gmt":"2018-04-11T14:47:56","guid":{"rendered":"https:\/\/neueseite.kglaenzer.de\/?page_id=21"},"modified":"2018-07-08T23:26:54","modified_gmt":"2018-07-08T21:26:54","slug":"service","status":"publish","type":"page","link":"https:\/\/kglaenzer.de\/?page_id=21","title":{"rendered":"Service"},"content":{"rendered":"<p>Sie erreichen uns regelm\u00e4\u00dfig unter 02222 6499447 w\u00e4hrend unserer <a href=\"https:\/\/neueseite.kglaenzer.de\/?page_id=131\">Praxis\u00f6ffungszeiten.<\/a> Wenn wir mal nicht erreichbar sein sollten, sprechen Sie bitte auf den Anrufbeantworter. Die Sprachnachricht wird als Email an unsere mobilen Ger\u00e4te weitergeleitet.<\/p>\n<p>Alternativ k\u00f6nnen Sie uns eine eMail senden:\u00a0 <a href=\"Kilian@kglaenzer.de\">Kilian@kglaenzer.de<\/a><\/p>\n<p>F\u00fcr registrierte Patienten k\u00f6nnen wir ggf. Wiederholungsrezepte nach telefonischer Anforderung erstellen.<\/p>\n<p>&nbsp;<\/p>\n<p><a title=\"\" href=\"https:\/\/kglaenzer.de\/downloads\/091101glaenzerflyer001web.pdf\">Hier k\u00f6nnen Sie den aktuellen Flyer<\/a> [1.892 KB] unserer Praxis downloaden.<br \/>\nSie erhalten eine Kurzbeschreibung der Praxis und eine Anfahrtskizze<br \/>\nals pdf-Datei.<\/p>\n<p>Wenn Sie sich weitergehend \u00fcber HERZRHYTHMUSST\u00d6RUNGEN informieren m\u00f6chten, dann k\u00f6nnen Sie hier den Vortrag <a title=\"\" href=\"https:\/\/kglaenzer.de\/downloads\/herzrhythmusstoerungenalfter3.11.10.pdf\">&#8222;Herzrhythmusst\u00f6rungen- was tun?&#8220;<\/a> [5.966 KB] von Dr. Gl\u00e4nzer (anl\u00e4sslich der Herzwoche 2010) in Alfter<br \/>\ndownloaden.<\/p>\n<p>Zum download ben\u00f6tigen Sie eine aktuelle Version des<br \/>\n<b>Acrobat Reader.<br \/>\n<\/b>(Download hier- kostenlos)\u00a0 <a title=\"\" href=\"http:\/\/www.adobe.com\/de\/products\/acrobat\/readstep2.html\" target=\"_blank\" rel=\"noopener\">http:\/\/www.adobe.com\/de\/products\/acrobat\/readstep2.html<\/a><\/p>\n","protected":false},"excerpt":{"rendered":"<p>Sie erreichen uns regelm\u00e4\u00dfig unter 02222 6499447 w\u00e4hrend unserer Praxis\u00f6ffungszeiten. Wenn wir mal nicht erreichbar sein sollten, sprechen Sie bitte auf den Anrufbeantworter. Die Sprachnachricht wird als Email an unsere mobilen Ger\u00e4te weitergeleitet. Alternativ k\u00f6nnen Sie uns eine eMail senden:\u00a0 Kilian@kglaenzer.de F\u00fcr registrierte Patienten k\u00f6nnen wir ggf. Wiederholungsrezepte nach telefonischer Anforderung erstellen. &nbsp; Hier k\u00f6nnen &hellip; <\/p>\n<p class=\"link-more\"><a href=\"https:\/\/kglaenzer.de\/?page_id=21\" class=\"more-link\"><span class=\"screen-reader-text\">\u201eService\u201c<\/span> weiterlesen<\/a><\/p>\n","protected":false},"author":1,"featured_media":0,"parent":13,"menu_order":0,"comment_status":"closed","ping_status":"closed","template":"","meta":[],"_links":{"self":[{"href":"https:\/\/kglaenzer.de\/index.php?rest_route=\/wp\/v2\/pages\/21"}],"collection":[{"href":"https:\/\/kglaenzer.de\/index.php?rest_route=\/wp\/v2\/pages"}],"about":[{"href":"https:\/\/kglaenzer.de\/index.php?rest_route=\/wp\/v2\/types\/page"}],"author":[{"embeddable":true,"href":"https:\/\/kglaenzer.de\/index.php?rest_route=\/wp\/v2\/users\/1"}],"replies":[{"embeddable":true,"href":"https:\/\/kglaenzer.de\/index.php?rest_route=%2Fwp%2Fv2%2Fcomments&post=21"}],"version-history":[{"count":8,"href":"https:\/\/kglaenzer.de\/index.php?rest_route=\/wp\/v2\/pages\/21\/revisions"}],"predecessor-version":[{"id":266,"href":"https:\/\/kglaenzer.de\/index.php?rest_route=\/wp\/v2\/pages\/21\/revisions\/266"}],"up":[{"embeddable":true,"href":"https:\/\/kglaenzer.de\/index.php?rest_route=\/wp\/v2\/pages\/13"}],"wp:attachment":[{"href":"https:\/\/kglaenzer.de\/index.php?rest_route=%2Fwp%2Fv2%2Fmedia&parent=21"}],"curies":[{"name":"wp","href":"https:\/\/api.w.org\/{rel}","templated":true}]}}