{"id":140,"date":"2018-06-08T09:09:59","date_gmt":"2018-06-08T07:09:59","guid":{"rendered":"https:\/\/neueseite.kglaenzer.de\/?page_id=140"},"modified":"2018-06-16T23:20:14","modified_gmt":"2018-06-16T21:20:14","slug":"aerzte","status":"publish","type":"page","link":"https:\/\/kglaenzer.de\/?page_id=140","title":{"rendered":"\u00c4rzte"},"content":{"rendered":"<h2>Dr. med. Trude Krings-Gl\u00e4nzer<\/h2>\n<p>Internistin &#8211; \u00c4rztin f\u00fcr Allgemeinmedizin Naturheilverfahren<\/p>\n<figure id=\"attachment_43\" aria-describedby=\"caption-attachment-43\" style=\"width: 250px\" class=\"wp-caption alignnone\"><img loading=\"lazy\" class=\"wp-image-43 \" src=\"https:\/\/neueseite.kglaenzer.de\/wp-content\/uploads\/2018\/04\/trude-krings-glaenzer-201x300.jpg\" alt=\"\" width=\"250\" height=\"373\" srcset=\"https:\/\/kglaenzer.de\/wp-content\/uploads\/2018\/04\/trude-krings-glaenzer-201x300.jpg 201w, https:\/\/kglaenzer.de\/wp-content\/uploads\/2018\/04\/trude-krings-glaenzer-768x1147.jpg 768w, https:\/\/kglaenzer.de\/wp-content\/uploads\/2018\/04\/trude-krings-glaenzer-686x1024.jpg 686w, https:\/\/kglaenzer.de\/wp-content\/uploads\/2018\/04\/trude-krings-glaenzer.jpg 806w\" sizes=\"(max-width: 250px) 100vw, 250px\" \/><figcaption id=\"caption-attachment-43\" class=\"wp-caption-text\">Dr. med. Trude Krings-Gl\u00e4nzer<\/figcaption><\/figure>\n<p>Mein Schwerpunkt in der Praxis ist die internistische und haus\u00e4rztliche Betreuung von Patienten mit akuten und chronisch Erkrankungen aus allen Gebieten der Inneren Medizin und Allgemeinmedizin. <em>Selbstverst\u00e4ndlich besuche ich Sie auch zu Hause.<\/em><\/p>\n<p>Bei Krankheitsbildern, bei denen es m\u00f6glich ist, setzte ich gerne &#8222;sanfte&#8220; Therapieverfahren und naturheilkundliche Methoden ein.<br \/>\nMein Ziel ist: Der K\u00f6rper und die Seele des Patienten sollten eine harmonische Einheit bilden.<\/p>\n<h2>Priv. Doz. Dr.med. Kilian Gl\u00e4nzer<\/h2>\n<p>Internist und Kardiologe<\/p>\n<p><img loading=\"lazy\" class=\"alignnone wp-image-44\" src=\"https:\/\/neueseite.kglaenzer.de\/wp-content\/uploads\/2018\/04\/kilian-glaenzer-201x300.jpg\" alt=\"\" width=\"290\" height=\"433\" srcset=\"https:\/\/kglaenzer.de\/wp-content\/uploads\/2018\/04\/kilian-glaenzer-201x300.jpg 201w, https:\/\/kglaenzer.de\/wp-content\/uploads\/2018\/04\/kilian-glaenzer-768x1147.jpg 768w, https:\/\/kglaenzer.de\/wp-content\/uploads\/2018\/04\/kilian-glaenzer-686x1024.jpg 686w, https:\/\/kglaenzer.de\/wp-content\/uploads\/2018\/04\/kilian-glaenzer.jpg 806w\" sizes=\"(max-width: 290px) 100vw, 290px\" \/><\/p>\n<p>Mein Schwerpunkt in der Praxis ist die nicht-invasive Kardiologie.<br \/>\nAls Oberarzt an der ehemaligen Medizinischen Poliklinik der <strong>Universit\u00e4t Bonn<\/strong> (Wilhelmstrasse &#8211; Innenstadt) konnte ich \u00fcber fast drei Jahrzente Erfahrungen bei s\u00e4mtlichen kardiologischen Krankheitsbildern sammeln. Dieser Erfahrungsschatz kommt heute meinen Patienten zugute. Die Arbeit am Patienten macht mir sehr viel Freude und erf\u00fcllt mich.<\/p>\n<p>Weitere Schwerpunkte meiner klinischen T\u00e4tigkeit sind Hochdruckerkrankungen, Diabetes und Herzerkrankungen, Herzrhythmusst\u00f6rungen, St\u00f6rungen des Salz- und Wasserhaushaltes und endokrinologische Spezialthemen.<\/p>\n<p>Wir freuen uns beide, Ihnen in einem freundlichen Ambiente ohne Zeitdruck zur Verf\u00fcgung zu stehen.<\/p>\n","protected":false},"excerpt":{"rendered":"<p>Dr. med. Trude Krings-Gl\u00e4nzer Internistin &#8211; \u00c4rztin f\u00fcr Allgemeinmedizin Naturheilverfahren Mein Schwerpunkt in der Praxis ist die internistische und haus\u00e4rztliche Betreuung von Patienten mit akuten und chronisch Erkrankungen aus allen Gebieten der Inneren Medizin und Allgemeinmedizin. Selbstverst\u00e4ndlich besuche ich Sie auch zu Hause. Bei Krankheitsbildern, bei denen es m\u00f6glich ist, setzte ich gerne &#8222;sanfte&#8220; Therapieverfahren &hellip; <\/p>\n<p class=\"link-more\"><a href=\"https:\/\/kglaenzer.de\/?page_id=140\" class=\"more-link\"><span class=\"screen-reader-text\">\u201e\u00c4rzte\u201c<\/span> weiterlesen<\/a><\/p>\n","protected":false},"author":1,"featured_media":0,"parent":13,"menu_order":0,"comment_status":"closed","ping_status":"closed","template":"","meta":[],"_links":{"self":[{"href":"https:\/\/kglaenzer.de\/index.php?rest_route=\/wp\/v2\/pages\/140"}],"collection":[{"href":"https:\/\/kglaenzer.de\/index.php?rest_route=\/wp\/v2\/pages"}],"about":[{"href":"https:\/\/kglaenzer.de\/index.php?rest_route=\/wp\/v2\/types\/page"}],"author":[{"embeddable":true,"href":"https:\/\/kglaenzer.de\/index.php?rest_route=\/wp\/v2\/users\/1"}],"replies":[{"embeddable":true,"href":"https:\/\/kglaenzer.de\/index.php?rest_route=%2Fwp%2Fv2%2Fcomments&post=140"}],"version-history":[{"count":11,"href":"https:\/\/kglaenzer.de\/index.php?rest_route=\/wp\/v2\/pages\/140\/revisions"}],"predecessor-version":[{"id":246,"href":"https:\/\/kglaenzer.de\/index.php?rest_route=\/wp\/v2\/pages\/140\/revisions\/246"}],"up":[{"embeddable":true,"href":"https:\/\/kglaenzer.de\/index.php?rest_route=\/wp\/v2\/pages\/13"}],"wp:attachment":[{"href":"https:\/\/kglaenzer.de\/index.php?rest_route=%2Fwp%2Fv2%2Fmedia&parent=140"}],"curies":[{"name":"wp","href":"https:\/\/api.w.org\/{rel}","templated":true}]}}