{"id":131,"date":"2018-06-07T17:03:09","date_gmt":"2018-06-07T15:03:09","guid":{"rendered":"https:\/\/neueseite.kglaenzer.de\/?page_id=131"},"modified":"2026-02-14T09:01:11","modified_gmt":"2026-02-14T08:01:11","slug":"sprechzeiten","status":"publish","type":"page","link":"https:\/\/kglaenzer.de\/?page_id=131","title":{"rendered":"Sprechzeiten"},"content":{"rendered":"<h2>\u00d6ffnungszeiten<\/h2>\n<p>Hier finden Sie unsere \u00d6ffnungszeiten w\u00e4hrend denen wir Patienten ohne Voranmeldung annehmen.<\/p>\n<p><b>Alle anderen Untersuchungen finden nur nach vorheriger Terminvereinbarung statt.<br \/>\n<\/b><br \/>\nSprechzeiten<\/p>\n<table style=\"width: 65.999%;\" border=\"0\" width=\"570\" cellspacing=\"0\" cellpadding=\"4\">\n<tbody>\n<tr bgcolor=\"#257C2B\">\n<td class=\"rowheader\" style=\"width: 222.42px;\" align=\"left\" valign=\"top\" width=\"33%\"><b>Wochentag <\/b><\/td>\n<td class=\"rowheader\" style=\"width: 222.42px;\" align=\"left\" valign=\"top\" width=\"33%\"><strong>Sprechzeiten<\/strong><\/td>\n<\/tr>\n<tr bgcolor=\"#ffffff\">\n<td class=\"cell\" style=\"width: 222.42px;\" align=\"left\" valign=\"top\" width=\"33%\">Montag<\/td>\n<td class=\"cell\" style=\"width: 222.42px;\" align=\"left\" valign=\"top\" width=\"33%\">9.00h &#8211; 12.00h<\/td>\n<\/tr>\n<tr bgcolor=\"\">\n<td class=\"cell\" style=\"width: 222.42px;\" align=\"left\" valign=\"top\" width=\"33%\">Dienstag<\/td>\n<td class=\"cell\" style=\"width: 222.42px;\" align=\"left\" valign=\"top\" width=\"33%\">geschlossen<\/td>\n<\/tr>\n<tr bgcolor=\"#ffffff\">\n<td class=\"cell\" style=\"width: 222.42px;\" align=\"left\" valign=\"top\" width=\"33%\">Mittwoch<\/td>\n<td class=\"cell\" style=\"width: 222.42px;\" align=\"left\" valign=\"top\" width=\"33%\">9.00h &#8211; 12.00h<\/td>\n<\/tr>\n<tr bgcolor=\"\">\n<td class=\"cell\" style=\"width: 222.42px;\" align=\"left\" valign=\"top\" width=\"33%\">Donnerstag<\/td>\n<td class=\"cell\" style=\"width: 222.42px;\" align=\"left\" valign=\"top\" width=\"33%\">geschlossen<\/td>\n<\/tr>\n<tr bgcolor=\"#ffffff\">\n<td class=\"cell\" style=\"width: 222.42px;\" align=\"left\" valign=\"top\" width=\"33%\">Freitag<\/td>\n<td class=\"cell\" style=\"width: 222.42px;\" align=\"left\" valign=\"top\" width=\"33%\">9.00h &#8211; 12.00h<\/td>\n<\/tr>\n<\/tbody>\n<\/table>\n","protected":false},"excerpt":{"rendered":"<p>\u00d6ffnungszeiten Hier finden Sie unsere \u00d6ffnungszeiten w\u00e4hrend denen wir Patienten ohne Voranmeldung annehmen. Alle anderen Untersuchungen finden nur nach vorheriger Terminvereinbarung statt. Sprechzeiten Wochentag Sprechzeiten Montag 9.00h &#8211; 12.00h Dienstag geschlossen Mittwoch 9.00h &#8211; 12.00h Donnerstag geschlossen Freitag 9.00h &#8211; 12.00h<\/p>\n","protected":false},"author":1,"featured_media":0,"parent":13,"menu_order":0,"comment_status":"closed","ping_status":"closed","template":"","meta":[],"_links":{"self":[{"href":"https:\/\/kglaenzer.de\/index.php?rest_route=\/wp\/v2\/pages\/131"}],"collection":[{"href":"https:\/\/kglaenzer.de\/index.php?rest_route=\/wp\/v2\/pages"}],"about":[{"href":"https:\/\/kglaenzer.de\/index.php?rest_route=\/wp\/v2\/types\/page"}],"author":[{"embeddable":true,"href":"https:\/\/kglaenzer.de\/index.php?rest_route=\/wp\/v2\/users\/1"}],"replies":[{"embeddable":true,"href":"https:\/\/kglaenzer.de\/index.php?rest_route=%2Fwp%2Fv2%2Fcomments&post=131"}],"version-history":[{"count":8,"href":"https:\/\/kglaenzer.de\/index.php?rest_route=\/wp\/v2\/pages\/131\/revisions"}],"predecessor-version":[{"id":276,"href":"https:\/\/kglaenzer.de\/index.php?rest_route=\/wp\/v2\/pages\/131\/revisions\/276"}],"up":[{"embeddable":true,"href":"https:\/\/kglaenzer.de\/index.php?rest_route=\/wp\/v2\/pages\/13"}],"wp:attachment":[{"href":"https:\/\/kglaenzer.de\/index.php?rest_route=%2Fwp%2Fv2%2Fmedia&parent=131"}],"curies":[{"name":"wp","href":"https:\/\/api.w.org\/{rel}","templated":true}]}}